{"id":3260,"date":"2021-07-22T18:56:38","date_gmt":"2021-07-22T16:56:38","guid":{"rendered":"https:\/\/www.sefifac.es\/cursos\/?page_id=3260"},"modified":"2021-09-30T14:42:01","modified_gmt":"2021-09-30T12:42:01","slug":"programa","status":"publish","type":"page","link":"https:\/\/www.sefifac.es\/cursos\/programa\/","title":{"rendered":"Programa"},"content":{"rendered":"<div id=\"pl-3260\"  class=\"panel-layout\" ><div id=\"pg-3260-0\"  class=\"panel-grid panel-has-style\" ><div class=\"banner-curso3 panel-row-style panel-row-style-for-3260-0\" ><div id=\"pgc-3260-0-0\"  class=\"panel-grid-cell\" ><div id=\"panel-3260-0-0-0\" class=\"so-panel widget widget_sow-editor panel-first-child\" data-index=\"0\" ><div class=\"titol-banner1 panel-widget-style panel-widget-style-for-3260-0-0-0\" ><div class=\"so-widget-sow-editor so-widget-sow-editor-base\">\n<div class=\"siteorigin-widget-tinymce textwidget\">\n\t<p>EL DOLOR CR\u00d3NICO EXTENSO Y SU IMPACTO<\/p>\n<\/div>\n<\/div><\/div><\/div><div id=\"panel-3260-0-0-1\" class=\"so-panel widget widget_sow-editor panel-last-child\" data-index=\"1\" ><div class=\"text-banner1 panel-widget-style panel-widget-style-for-3260-0-0-1\" ><div class=\"so-widget-sow-editor so-widget-sow-editor-base\">\n<div class=\"siteorigin-widget-tinymce textwidget\">\n\t<p>Director del curso:<br \/>\n<strong>Dr. Antonio Collado Cruz<\/strong><\/p>\n<\/div>\n<\/div><\/div><\/div><\/div><div id=\"pgc-3260-0-1\"  class=\"panel-grid-cell panel-grid-cell-empty\" ><\/div><div id=\"pgc-3260-0-2\"  class=\"panel-grid-cell\" ><div id=\"panel-3260-0-2-0\" class=\"so-panel widget widget_siteorigin-panels-builder panel-first-child panel-last-child\" data-index=\"2\" ><div id=\"pl-w611e0cf18cd1d\"  class=\"panel-layout\" ><div id=\"pg-w611e0cf18cd1d-0\"  class=\"panel-grid panel-no-style\" ><div id=\"pgc-w611e0cf18cd1d-0-0\"  class=\"panel-grid-cell panel-grid-cell-empty\" ><\/div><div id=\"pgc-w611e0cf18cd1d-0-1\"  class=\"panel-grid-cell\" ><div id=\"panel-w611e0cf18cd1d-0-1-0\" class=\"so-panel widget widget_sow-editor panel-first-child panel-last-child\" data-index=\"0\" ><div class=\"so-widget-sow-editor so-widget-sow-editor-base\">\n<div class=\"siteorigin-widget-tinymce textwidget\">\n\t<p><img loading=\"lazy\" class=\"aligncenter  wp-image-3405\" src=\"https:\/\/www.sefifac.es\/cursos\/wp-content\/uploads\/2021\/08\/logo-sesifac-web-blanc-4.png\" alt=\"Sefifac\" width=\"353\" height=\"133\" \/><\/p>\n<\/div>\n<\/div><\/div><\/div><\/div><\/div><\/div><\/div><\/div><\/div><div id=\"pg-3260-1\"  class=\"panel-grid panel-has-style\" ><div class=\"panel-row-style panel-row-style-for-3260-1\" ><div id=\"pgc-3260-1-0\"  class=\"panel-grid-cell\" ><div id=\"panel-3260-1-0-0\" class=\"so-panel widget widget_sow-button panel-first-child panel-last-child\" data-index=\"3\" ><div class=\"so-widget-sow-button so-widget-sow-button-flat-87f6778ecba0-3260\"><div class=\"ow-button-base ow-button-align-center\">\n\t<a href=\"https:\/\/www.sefifac.es\/cursos\/presentacion\/\" class=\"ow-icon-placement-left\" id=\"boto-inici2\" \t\t>\n\t\t<span>\n\t\t\t\n\t\t\tPRESENTACI\u00d3N\t\t<\/span>\n\t<\/a>\n<\/div>\n<\/div><\/div><\/div><div id=\"pgc-3260-1-1\"  class=\"panel-grid-cell\" ><div id=\"panel-3260-1-1-0\" class=\"so-panel widget widget_sow-button panel-first-child panel-last-child\" data-index=\"4\" ><div class=\"so-widget-sow-button so-widget-sow-button-flat-87f6778ecba0-3260\"><div class=\"ow-button-base ow-button-align-center\">\n\t<a href=\"https:\/\/www.sefifac.es\/cursos\/programa\/\" class=\"ow-icon-placement-left\" id=\"boto-programa2\" \t\t>\n\t\t<span>\n\t\t\t\n\t\t\tPROGRAMA\t\t<\/span>\n\t<\/a>\n<\/div>\n<\/div><\/div><\/div><div id=\"pgc-3260-1-2\"  class=\"panel-grid-cell\" ><div id=\"panel-3260-1-2-0\" class=\"so-panel widget widget_sow-button panel-first-child panel-last-child\" data-index=\"5\" ><div class=\"so-widget-sow-button so-widget-sow-button-flat-87f6778ecba0-3260\"><div class=\"ow-button-base ow-button-align-center\">\n\t<a href=\"https:\/\/www.sefifac.es\/cursos\/ponentes\/\" class=\"ow-icon-placement-left\" id=\"boto-ponentes2\" \t\t>\n\t\t<span>\n\t\t\t\n\t\t\tPONENTES\t\t<\/span>\n\t<\/a>\n<\/div>\n<\/div><\/div><\/div><div id=\"pgc-3260-1-3\"  class=\"panel-grid-cell\" ><div id=\"panel-3260-1-3-0\" class=\"so-panel widget widget_sow-button panel-first-child panel-last-child\" data-index=\"6\" ><div class=\"so-widget-sow-button so-widget-sow-button-flat-87f6778ecba0-3260\"><div class=\"ow-button-base ow-button-align-center\">\n\t<a href=\"https:\/\/www.sefifac.es\/cursos\/metodologia-docente\/\" class=\"ow-icon-placement-left\" id=\"boto-metodo2\" \t\t>\n\t\t<span>\n\t\t\t\n\t\t\tORGANIZACI\u00d3N DOCENTE\t\t<\/span>\n\t<\/a>\n<\/div>\n<\/div><\/div><\/div><div id=\"pgc-3260-1-4\"  class=\"panel-grid-cell\" ><div id=\"panel-3260-1-4-0\" class=\"so-panel widget widget_sow-button panel-first-child panel-last-child\" data-index=\"7\" ><div class=\"so-widget-sow-button so-widget-sow-button-flat-87f6778ecba0-3260\"><div class=\"ow-button-base ow-button-align-center\">\n\t<a href=\"https:\/\/www.sefifac.es\/cursos\/objetivos-didacticos\/\" class=\"ow-icon-placement-left\" id=\"boto-objetivos2\" \t\t>\n\t\t<span>\n\t\t\t\n\t\t\tOBJETIVOS DID\u00c1CTICOS\t\t<\/span>\n\t<\/a>\n<\/div>\n<\/div><\/div><\/div><\/div><\/div><div id=\"pg-3260-2\"  class=\"panel-grid panel-has-style\" ><div class=\"titol-pagines-100 panel-row-style panel-row-style-for-3260-2\" ><div id=\"pgc-3260-2-0\"  class=\"panel-grid-cell panel-grid-cell-empty\" ><\/div><div id=\"pgc-3260-2-1\"  class=\"panel-grid-cell panel-grid-cell-mobile-last\" ><div id=\"panel-3260-2-1-0\" class=\"so-panel widget widget_sow-editor panel-first-child panel-last-child\" data-index=\"8\" ><div class=\"so-widget-sow-editor so-widget-sow-editor-base\">\n<div class=\"siteorigin-widget-tinymce textwidget\">\n\t<h2 style=\"text-align: left;\">Programa<\/h2>\n<\/div>\n<\/div><\/div><\/div><div id=\"pgc-3260-2-2\"  class=\"panel-grid-cell panel-grid-cell-empty\" ><\/div><\/div><\/div><div id=\"pg-3260-3\"  class=\"panel-grid panel-has-style\" ><div id=\"programa\" class=\"panel-row-style panel-row-style-for-3260-3\" ><div id=\"pgc-3260-3-0\"  class=\"panel-grid-cell panel-grid-cell-empty\" ><\/div><div id=\"pgc-3260-3-1\"  class=\"panel-grid-cell panel-grid-cell-mobile-last\" ><div id=\"panel-3260-3-1-0\" class=\"so-panel widget widget_sow-editor panel-first-child panel-last-child\" data-index=\"9\" ><div class=\"panel-widget-style panel-widget-style-for-3260-3-1-0\" ><div class=\"so-widget-sow-editor so-widget-sow-editor-base\">\n<div class=\"siteorigin-widget-tinymce textwidget\">\n\t<p><span style=\"color: #ff9900;\"><strong>M\u00f3dulo 1<\/strong><\/span><br \/>\n<strong><span style=\"font-size: 14pt;\">Introducci\u00f3n: El dolor cr\u00f3nico extenso y su impacto.<\/span><br \/>\nPonente: Dr. Antonio Collado<\/strong><\/p>\n<p>En este m\u00f3dulo se define el concepto de dolor cr\u00f3nico extenso y se dan a conocer su prevalencia, mecanismos fisiopatol\u00f3gicos y el impacto sobre la calidad de vida de los pacientes que lo padecen.<\/p>\n<p><span style=\"color: #ff9900;\"><strong>M\u00f3dulo 2<\/strong><\/span><br \/>\n<strong><span style=\"font-size: 14pt;\">Sue\u00f1o en dolor cr\u00f3nico extenso<\/span><br \/>\nPonente: Dr. Javier Albares <\/strong><\/p>\n<p>En este m\u00f3dulo se abordar\u00e1n los diferentes tipos de trastornos de sue\u00f1o que pueden influir en la salud, as\u00ed como la relaci\u00f3n bidireccional que tienen los trastornos del sue\u00f1o y el dolor cr\u00f3nico extenso. Tambi\u00e9n se dar\u00e1n a conocer aspectos relevantes sobre el abordaje terap\u00e9utico del insomnio.<\/p>\n<p><strong><span style=\"color: #ff9900;\">M\u00f3dulo 3<\/span><br \/>\n<span style=\"font-size: 14pt;\">Alimentaci\u00f3n en dolor cr\u00f3nico extenso<\/span><br \/>\nPonente: Dra. Laura Arranz<\/strong><\/p>\n<p>En este m\u00f3dulo se abordar\u00e1n temas como la calidad de la alimentaci\u00f3n y su influencia sobre los estados de salud, adem\u00e1s del impacto que tienen la obesidad y el sobrepeso sobre los pacientes que padecen dolor cr\u00f3nico extenso. Conoceremos asimismo los \u00faltimos datos sobre la dieta antiinflamatoria y sus beneficios.<\/p>\n<p><strong><span style=\"color: #ff9900;\">M\u00f3dulo 4<\/span><br \/>\n<span style=\"font-size: 14pt;\">Comorbilidades musculo-esquel\u00e9ticas en dolor cr\u00f3nico extenso<\/span><br \/>\nPonente: Dra. Tamara Rodr\u00edguez <\/strong><\/p>\n<p>En este m\u00f3dulo se dar\u00e1n a conocer las m\u00faltiples patolog\u00edas musculo-esquel\u00e9ticas que pueden aparecer com\u00f3rbidas en los pacientes que sufren dolor cr\u00f3nico extenso y un abordaje terap\u00e9utico de las mismas para poder dar herramientas \u00fatiles en la pr\u00e1ctica cl\u00ednica diaria<\/p>\n<p><strong><span style=\"color: #ff9900;\">M\u00f3dulo 5<\/span><br \/>\n<span style=\"font-size: 14pt;\">Uso actual de antiinflamatorios no esteroideos en el dolor cr\u00f3nico<\/span><br \/>\nPonente: Dr. Carlos Goicoechea<\/strong><\/p>\n<p>Este m\u00f3dulo servir\u00e1 como actualizaci\u00f3n sobre el conocimiento de los AINES, a saber, su historia, farmacocin\u00e9tica, efectos sobre el organismo y su manejo en la pr\u00e1ctica diaria ante pacientes con distintos tipos de dolor cr\u00f3nico.<\/p>\n<\/div>\n<\/div><\/div><\/div><\/div><div id=\"pgc-3260-3-2\"  class=\"panel-grid-cell panel-grid-cell-empty\" ><\/div><\/div><\/div><div id=\"pg-3260-4\"  class=\"panel-grid panel-has-style\" ><div class=\"panel-row-style panel-row-style-for-3260-4\" ><div id=\"pgc-3260-4-0\"  class=\"panel-grid-cell\" ><div id=\"panel-3260-4-0-0\" class=\"so-panel widget widget_sow-image panel-first-child panel-last-child\" data-index=\"10\" ><div class=\"so-widget-sow-image so-widget-sow-image-default-7877d6771435-3260\">\n\n<div class=\"sow-image-container\">\n\t\t\t<a\n\t\t\thref=\"https:\/\/www.sefifac.es\/cursos\/\"\n\t\t\t\t\t>\n\t\t\t<img src=\"https:\/\/www.sefifac.es\/cursos\/wp-content\/uploads\/2021\/08\/cap-mobils2.jpg\" width=\"998\" height=\"659\" srcset=\"https:\/\/www.sefifac.es\/cursos\/wp-content\/uploads\/2021\/08\/cap-mobils2.jpg 998w, https:\/\/www.sefifac.es\/cursos\/wp-content\/uploads\/2021\/08\/cap-mobils2-300x198.jpg 300w, https:\/\/www.sefifac.es\/cursos\/wp-content\/uploads\/2021\/08\/cap-mobils2-768x507.jpg 768w\" sizes=\"(max-width: 998px) 100vw, 998px\" alt=\"\" loading=\"lazy\" \t\tclass=\"so-widget-image\"\/>\n\t<\/a><\/div>\n\n<\/div><\/div><\/div><\/div><\/div><\/div>","protected":false},"excerpt":{"rendered":"<p>EL DOLOR CR\u00d3NICO EXTENSO Y SU IMPACTO Director del curso: Dr. Antonio Collado Cruz<\/p>\n","protected":false},"author":1,"featured_media":0,"parent":0,"menu_order":6,"comment_status":"closed","ping_status":"closed","template":"page-inici.php","meta":{"inline_featured_image":false,"_expiration-date-status":"saved","_expiration-date":0,"_expiration-date-type":"","_expiration-date-categories":[],"_expiration-date-options":[]},"acf":[],"_links":{"self":[{"href":"https:\/\/www.sefifac.es\/cursos\/wp-json\/wp\/v2\/pages\/3260"}],"collection":[{"href":"https:\/\/www.sefifac.es\/cursos\/wp-json\/wp\/v2\/pages"}],"about":[{"href":"https:\/\/www.sefifac.es\/cursos\/wp-json\/wp\/v2\/types\/page"}],"author":[{"embeddable":true,"href":"https:\/\/www.sefifac.es\/cursos\/wp-json\/wp\/v2\/users\/1"}],"replies":[{"embeddable":true,"href":"https:\/\/www.sefifac.es\/cursos\/wp-json\/wp\/v2\/comments?post=3260"}],"version-history":[{"count":71,"href":"https:\/\/www.sefifac.es\/cursos\/wp-json\/wp\/v2\/pages\/3260\/revisions"}],"predecessor-version":[{"id":4280,"href":"https:\/\/www.sefifac.es\/cursos\/wp-json\/wp\/v2\/pages\/3260\/revisions\/4280"}],"wp:attachment":[{"href":"https:\/\/www.sefifac.es\/cursos\/wp-json\/wp\/v2\/media?parent=3260"}],"curies":[{"name":"wp","href":"https:\/\/api.w.org\/{rel}","templated":true}]}}